{"id":5410,"date":"2025-04-14T18:23:54","date_gmt":"2025-04-14T18:23:54","guid":{"rendered":"https:\/\/talbotthrive.org\/?page_id=5410"},"modified":"2025-04-14T18:24:53","modified_gmt":"2025-04-14T18:24:53","slug":"volunteer","status":"publish","type":"page","link":"https:\/\/talbotthrive.org\/fr\/volunteer\/","title":{"rendered":"Formulaire d'int\u00e9r\u00eat pour le b\u00e9n\u00e9volat"},"content":{"rendered":"<div class=\"wpforms-container wpforms-container-full\" id=\"wpforms-5406\"><form id=\"wpforms-form-5406\" class=\"wpforms-validate wpforms-form wpforms-ajax-form\" data-formid=\"5406\" method=\"post\" enctype=\"multipart\/form-data\" action=\"\/fr\/wp-json\/wp\/v2\/pages\/5410\" data-token=\"b73e6ec9fd7d5a3f44d81efebcc27750\" data-token-time=\"1776957689\"><noscript class=\"wpforms-error-noscript\">Veuillez activer JavaScript dans votre navigateur pour remplir ce formulaire.<\/noscript><div class=\"wpforms-field-container\"><div id=\"wpforms-5406-field_0-container\" class=\"wpforms-field wpforms-field-name\" data-field-id=\"0\"><label class=\"wpforms-field-label\">Name <span class=\"wpforms-required-label\">*<\/span><\/label><div class=\"wpforms-field-row wpforms-field-medium\"><div class=\"wpforms-field-row-block wpforms-first wpforms-one-half\"><input type=\"text\" id=\"wpforms-5406-field_0\" class=\"wpforms-field-name-first wpforms-field-required\" name=\"wpforms[fields][0][first]\" required><label for=\"wpforms-5406-field_0\" class=\"wpforms-field-sublabel after\">Pr\u00e9nom<\/label><\/div><div class=\"wpforms-field-row-block wpforms-one-half\"><input type=\"text\" id=\"wpforms-5406-field_0-last\" class=\"wpforms-field-name-last wpforms-field-required\" name=\"wpforms[fields][0][last]\" required><label for=\"wpforms-5406-field_0-last\" class=\"wpforms-field-sublabel after\">Nom<\/label><\/div><\/div><\/div><div id=\"wpforms-5406-field_1-container\" class=\"wpforms-field wpforms-field-email\" data-field-id=\"1\"><label class=\"wpforms-field-label\" for=\"wpforms-5406-field_1\">Email <span class=\"wpforms-required-label\">*<\/span><\/label><input type=\"email\" id=\"wpforms-5406-field_1\" class=\"wpforms-field-medium wpforms-field-required\" name=\"wpforms[fields][1]\" spellcheck=\"false\" required><\/div><div id=\"wpforms-5406-field_4-container\" class=\"wpforms-field wpforms-field-text\" data-field-id=\"4\"><label class=\"wpforms-field-label\" for=\"wpforms-5406-field_4\">Cell Phone:<\/label><input type=\"text\" id=\"wpforms-5406-field_4\" class=\"wpforms-field-medium\" name=\"wpforms[fields][4]\" ><\/div><div id=\"wpforms-5406-field_3-container\" class=\"wpforms-field wpforms-field-checkbox\" data-field-id=\"3\"><label class=\"wpforms-field-label\">I&#039;d like to help! Please select:<\/label><ul id=\"wpforms-5406-field_3\"><li class=\"choice-1 depth-1\"><input type=\"checkbox\" id=\"wpforms-5406-field_3_1\" name=\"wpforms[fields][3][]\" value=\"Rolling Rodeos\"  ><label class=\"wpforms-field-label-inline\" for=\"wpforms-5406-field_3_1\">Rolling Rodeos<\/label><\/li><li class=\"choice-2 depth-1\"><input type=\"checkbox\" id=\"wpforms-5406-field_3_2\" name=\"wpforms[fields][3][]\" value=\"Tour de Talbot\"  ><label class=\"wpforms-field-label-inline\" for=\"wpforms-5406-field_3_2\">Tour de Talbot<\/label><\/li><li class=\"choice-4 depth-1\"><input type=\"checkbox\" id=\"wpforms-5406-field_3_4\" name=\"wpforms[fields][3][]\" value=\"Running &amp; Walking Club\"  ><label class=\"wpforms-field-label-inline\" for=\"wpforms-5406-field_3_4\">Running &amp; Walking Club<\/label><\/li><li class=\"choice-6 depth-1\"><input type=\"checkbox\" id=\"wpforms-5406-field_3_6\" name=\"wpforms[fields][3][]\" value=\"Office\/Clerical\"  ><label class=\"wpforms-field-label-inline\" for=\"wpforms-5406-field_3_6\">Office\/Clerical<\/label><\/li><li class=\"choice-7 depth-1\"><input type=\"checkbox\" id=\"wpforms-5406-field_3_7\" name=\"wpforms[fields][3][]\" value=\"Committee Member\"  ><label class=\"wpforms-field-label-inline\" for=\"wpforms-5406-field_3_7\">Committee Member<\/label><\/li><li class=\"choice-8 depth-1\"><input type=\"checkbox\" id=\"wpforms-5406-field_3_8\" name=\"wpforms[fields][3][]\" value=\"Anything, just keep me in mind!\"  ><label class=\"wpforms-field-label-inline\" for=\"wpforms-5406-field_3_8\">Anything, just keep me in mind!<\/label><\/li><li class=\"choice-9 depth-1\"><input type=\"checkbox\" id=\"wpforms-5406-field_3_9\" name=\"wpforms[fields][3][]\" value=\"Other\"  ><label class=\"wpforms-field-label-inline\" for=\"wpforms-5406-field_3_9\">Other<\/label><\/li><\/ul><\/div><div id=\"wpforms-5406-field_2-container\" class=\"wpforms-field wpforms-field-textarea\" data-field-id=\"2\"><label class=\"wpforms-field-label\" for=\"wpforms-5406-field_2\">Comment or Message<\/label><textarea id=\"wpforms-5406-field_2\" class=\"wpforms-field-medium\" name=\"wpforms[fields][2]\" ><\/textarea><\/div><\/div><!-- .wpforms-field-container --><div class=\"wpforms-submit-container\" ><input type=\"hidden\" name=\"wpforms[id]\" value=\"5406\"><input type=\"hidden\" name=\"page_title\" value=\"\"><input type=\"hidden\" name=\"page_url\" value=\"https:\/\/talbotthrive.org\/fr\/wp-json\/wp\/v2\/pages\/5410\"><input type=\"hidden\" name=\"url_referer\" value=\"\"><button type=\"submit\" name=\"wpforms[submit]\" id=\"wpforms-submit-5406\" class=\"wpforms-submit\" data-alt-text=\"Sending...\" data-submit-text=\"Submit\" aria-live=\"assertive\" value=\"wpforms-submit\">Submit<\/button><img decoding=\"async\" loading=\"lazy\" src=\"https:\/\/talbotthrive.org\/wp-content\/plugins\/wpforms\/assets\/images\/submit-spin.svg\" class=\"wpforms-submit-spinner\" style=\"display: none;\" width=\"26\" height=\"26\" alt=\"Chargement en cours\"><\/div><\/form><\/div>  <!-- .wpforms-container -->\n\n\n\n<p><\/p>\n","protected":false},"excerpt":{"rendered":"","protected":false},"author":2,"featured_media":0,"parent":0,"menu_order":0,"comment_status":"closed","ping_status":"closed","template":"","meta":{"_et_pb_use_builder":"off","_et_pb_old_content":"","_et_gb_content_width":"1080"},"_links":{"self":[{"href":"https:\/\/talbotthrive.org\/fr\/wp-json\/wp\/v2\/pages\/5410"}],"collection":[{"href":"https:\/\/talbotthrive.org\/fr\/wp-json\/wp\/v2\/pages"}],"about":[{"href":"https:\/\/talbotthrive.org\/fr\/wp-json\/wp\/v2\/types\/page"}],"author":[{"embeddable":true,"href":"https:\/\/talbotthrive.org\/fr\/wp-json\/wp\/v2\/users\/2"}],"replies":[{"embeddable":true,"href":"https:\/\/talbotthrive.org\/fr\/wp-json\/wp\/v2\/comments?post=5410"}],"version-history":[{"count":3,"href":"https:\/\/talbotthrive.org\/fr\/wp-json\/wp\/v2\/pages\/5410\/revisions"}],"predecessor-version":[{"id":5414,"href":"https:\/\/talbotthrive.org\/fr\/wp-json\/wp\/v2\/pages\/5410\/revisions\/5414"}],"wp:attachment":[{"href":"https:\/\/talbotthrive.org\/fr\/wp-json\/wp\/v2\/media?parent=5410"}],"curies":[{"name":"wp","href":"https:\/\/api.w.org\/{rel}","templated":true}]}}