{"id":332,"date":"2022-05-16T12:56:33","date_gmt":"2022-05-16T12:56:33","guid":{"rendered":"https:\/\/talbotthrive.org\/?page_id=332"},"modified":"2025-12-23T15:43:34","modified_gmt":"2025-12-23T15:43:34","slug":"survey","status":"publish","type":"page","link":"https:\/\/talbotthrive.org\/fr\/survey\/","title":{"rendered":"Enqu\u00eate sur le pouls de la communaut\u00e9"},"content":{"rendered":"<p>[et_pb_section fb_built=&#8221;1&#8243; admin_label=&#8221;Hero&#8221; _builder_version=&#8221;4.16&#8243; min_height=&#8221;621px&#8221; custom_padding=&#8221;90px||30px|&#8221; global_colors_info=&#8221;{}&#8221;][et_pb_row _builder_version=&#8221;4.16&#8243; background_size=&#8221;initial&#8221; background_position=&#8221;top_left&#8221; background_repeat=&#8221;repeat&#8221; custom_margin=&#8221;-32px|auto|49px|auto||&#8221; global_colors_info=&#8221;{}&#8221;][et_pb_column type=&#8221;4_4&#8243; _builder_version=&#8221;4.16&#8243; custom_padding=&#8221;|||&#8221; global_colors_info=&#8221;{}&#8221; custom_padding__hover=&#8221;|||&#8221;][et_pb_slider _builder_version=&#8221;4.16&#8243; _module_preset=&#8221;default&#8221; header_level=&#8221;h1&#8243; header_text_color=&#8221;#FFFFFF&#8221; header_font_size=&#8221;41px&#8221; width=&#8221;100%&#8221; module_alignment=&#8221;center&#8221; max_height=&#8221;224px&#8221; global_colors_info=&#8221;{}&#8221;][et_pb_slide _builder_version=&#8221;4.16&#8243; _module_preset=&#8221;default&#8221; header_text_color=&#8221;#FFFFFF&#8221; header_font_size=&#8221;53px&#8221; background_image=&#8221;https:\/\/talbotthrive.org\/wp-content\/uploads\/2022\/07\/PulseSurveyCollage.jpg&#8221; background_enable_image=&#8221;on&#8221; filter_brightness=&#8221;103%&#8221; global_colors_info=&#8221;{}&#8221; sticky_transition=&#8221;on&#8221;][\/et_pb_slide][\/et_pb_slider][et_pb_text _builder_version=&#8221;4.16&#8243; _module_preset=&#8221;default&#8221; custom_margin=&#8221;||22px|||&#8221; global_colors_info=&#8221;{}&#8221;]<\/p>\n<h1 style=\"text-align: center;\">Community Pulse Survey<\/h1>\n<p>[\/et_pb_text][et_pb_divider show_divider=&#8221;off&#8221; _builder_version=&#8221;4.16&#8243; max_width=&#8221;100px&#8221; module_alignment=&#8221;center&#8221; animation_style=&#8221;zoom&#8221; animation_direction=&#8221;left&#8221; global_colors_info=&#8221;{}&#8221;][\/et_pb_divider][et_pb_text _builder_version=&#8221;4.27.2&#8243; text_font=&#8221;Montserrat|300|||||||&#8221; text_font_size=&#8221;20px&#8221; text_line_height=&#8221;1.8em&#8221; text_orientation=&#8221;center&#8221; max_width=&#8221;800%&#8221; module_alignment=&#8221;center&#8221; animation_style=&#8221;zoom&#8221; animation_direction=&#8221;left&#8221; animation_delay=&#8221;100ms&#8221; animation_intensity_zoom=&#8221;10%&#8221; global_colors_info=&#8221;{}&#8221;]<\/p>\n<p>We are gathering information about active mobility in Talbot County through a survey.<br \/>The <strong>Community Pulse Survey<\/strong>, residents provide information about their experiences walking, running, cycling, scootering, etc., within their neighborhood and their interest in making these activities easier and safer. The survey is for everyone, regardless of whether they are physically active in their neighborhood or not. The online survey takes about 10 minutes. Click on the button below to view the survey and begin.<\/p>\n<p>[\/et_pb_text][et_pb_button button_url=&#8221;https:\/\/forms.gle\/JbLsgSpdgjHk3sr49&#8243; url_new_window=&#8221;on&#8221; button_text=&#8221;Click Here to Take the Survey!&#8221; button_alignment=&#8221;center&#8221; _builder_version=&#8221;4.27.4&#8243; _module_preset=&#8221;default&#8221; custom_button=&#8221;on&#8221; button_text_color=&#8221;#0C71C3&#8243; hover_enabled=&#8221;0&#8243; global_colors_info=&#8221;{}&#8221; sticky_enabled=&#8221;0&#8243;][\/et_pb_button][et_pb_divider _builder_version=&#8221;4.17.6&#8243; _module_preset=&#8221;default&#8221; global_colors_info=&#8221;{}&#8221;][\/et_pb_divider][et_pb_text _builder_version=&#8221;4.27.2&#8243; text_font=&#8221;Montserrat|300|||||||&#8221; text_font_size=&#8221;20px&#8221; text_line_height=&#8221;1.8em&#8221; text_orientation=&#8221;center&#8221; max_width=&#8221;800%&#8221; module_alignment=&#8221;center&#8221; animation_style=&#8221;zoom&#8221; animation_direction=&#8221;left&#8221; animation_delay=&#8221;100ms&#8221; animation_intensity_zoom=&#8221;10%&#8221; global_colors_info=&#8221;{}&#8221;]<\/p>\n<p data-start=\"52\" data-end=\"159\" class=\"\">Estamos recopilando informaci\u00f3n sobre la movilidad activa en el condado de Talbot a trav\u00e9s de una encuesta.<\/p>\n<p data-start=\"161\" data-end=\"585\" class=\"\">En la <strong data-start=\"167\" data-end=\"200\">Encuesta de Pulso Comunitario<\/strong>, los residentes comparten informaci\u00f3n sobre sus experiencias caminando, corriendo, andando en bicicleta, en scooter, etc., dentro de su vecindario, as\u00ed como su inter\u00e9s en facilitar y hacer m\u00e1s seguras estas actividades. La encuesta est\u00e1 dirigida a todos, independientemente de si son f\u00edsicamente activos en su vecindario o no. La encuesta en l\u00ednea toma aproximadamente 10 minutos.<\/p>\n<p data-start=\"587\" data-end=\"655\" class=\"\">Haz clic en el bot\u00f3n a continuaci\u00f3n para ver la encuesta y comenzar.<\/p>\n<p>[\/et_pb_text][et_pb_button button_url=&#8221;https:\/\/forms.gle\/EkxrYAQRQfu5PwLbA&#8221; url_new_window=&#8221;on&#8221; button_text=&#8221;Haz click aqu\u00ed para realizar la encuesta!&#8221; button_alignment=&#8221;center&#8221; _builder_version=&#8221;4.27.4&#8243; _module_preset=&#8221;default&#8221; custom_button=&#8221;on&#8221; button_text_color=&#8221;#0C71C3&#8243; hover_enabled=&#8221;0&#8243; global_colors_info=&#8221;{}&#8221; sticky_enabled=&#8221;0&#8243;][\/et_pb_button][\/et_pb_column][\/et_pb_row][\/et_pb_section][et_pb_section fb_built=&#8221;1&#8243; disabled_on=&#8221;off|off|off&#8221; admin_label=&#8221;Gallery&#8221; _builder_version=&#8221;4.16&#8243; custom_padding=&#8221;||90px|&#8221; global_colors_info=&#8221;{}&#8221;][\/et_pb_section]<\/p>\n","protected":false},"excerpt":{"rendered":"<p>Community Pulse SurveyWe are gathering information about active mobility in Talbot County through a survey.The Community Pulse Survey, residents provide information about their experiences walking, running, cycling, scootering, etc., within their neighborhood and their interest in making these activities easier and safer. The survey is for everyone, regardless of whether they are physically active in&hellip; <a class=\"continue\" href=\"https:\/\/talbotthrive.org\/fr\/survey\/\">Lire la suite<span> Enqu\u00eate sur le pouls de la communaut\u00e9<\/span><\/a><\/p>","protected":false},"author":2,"featured_media":0,"parent":0,"menu_order":0,"comment_status":"closed","ping_status":"closed","template":"","meta":{"_et_pb_use_builder":"on","_et_pb_old_content":"","_et_gb_content_width":""},"_links":{"self":[{"href":"https:\/\/talbotthrive.org\/fr\/wp-json\/wp\/v2\/pages\/332"}],"collection":[{"href":"https:\/\/talbotthrive.org\/fr\/wp-json\/wp\/v2\/pages"}],"about":[{"href":"https:\/\/talbotthrive.org\/fr\/wp-json\/wp\/v2\/types\/page"}],"author":[{"embeddable":true,"href":"https:\/\/talbotthrive.org\/fr\/wp-json\/wp\/v2\/users\/2"}],"replies":[{"embeddable":true,"href":"https:\/\/talbotthrive.org\/fr\/wp-json\/wp\/v2\/comments?post=332"}],"version-history":[{"count":4,"href":"https:\/\/talbotthrive.org\/fr\/wp-json\/wp\/v2\/pages\/332\/revisions"}],"predecessor-version":[{"id":6777,"href":"https:\/\/talbotthrive.org\/fr\/wp-json\/wp\/v2\/pages\/332\/revisions\/6777"}],"wp:attachment":[{"href":"https:\/\/talbotthrive.org\/fr\/wp-json\/wp\/v2\/media?parent=332"}],"curies":[{"name":"wp","href":"https:\/\/api.w.org\/{rel}","templated":true}]}}